{"id":791,"date":"2024-10-24T17:47:49","date_gmt":"2024-10-24T15:47:49","guid":{"rendered":"https:\/\/mastergmi-reims.fr\/?page_id=791"},"modified":"2025-03-12T17:37:10","modified_gmt":"2025-03-12T16:37:10","slug":"iii-creations-etudiantes","status":"publish","type":"page","link":"https:\/\/mastergmi-reims.fr\/index.php\/iii-creations-etudiantes\/","title":{"rendered":"Cr\u00e9ations \u00e9tudiantes"},"content":{"rendered":"\n<p>Les \u00e9tudiants du master GMI sont constamment actifs et sollicit\u00e9s au travers de projets.<\/p>\n\n\n\n<p>En M1, ils s&rsquo;initient \u00e0 la <strong>m\u00e9thodologie de projet<\/strong> et mettent en place un \u00e9v\u00e9nement de leur choix qui a lieu au printemps.<\/p>\n\n\n\n<p>En M2, ils r\u00e9alisent un<strong> site web multilingue<\/strong> mettant en jeu l&rsquo;int\u00e9gralit\u00e9 des comp\u00e9tences du master. Ils doivent penser leur site de A \u00e0 Z, faire une \u00e9tude compl\u00e8te, r\u00e9aliser un planning de travail, rechercher\/agr\u00e9ger\/r\u00e9diger le contenu, mettre en place le site web et ses versions traduites, r\u00e9fl\u00e9chir \u00e0 la communication autour du projet, etc. C&rsquo;est un travail de plusieurs dizaines d&rsquo;heures qui est ensuite pr\u00e9sent\u00e9 lors d&rsquo;une soutenance. Ce site pourra aussi servir de carte de visite pour les \u00e9tudiants.<\/p>\n\n\n\n<p>Par exemple, cette ann\u00e9e, nos masters 2 ont r\u00e9alis\u00e9 les sites suivants:<\/p>\n\n\n\n<ul class=\"wp-block-list\">\n<li><a href=\"https:\/\/tattooreims.fr\/\" target=\"_blank\" rel=\"noreferrer noopener\">https:\/\/tattooreims.fr\/ <\/a><\/li>\n\n\n\n<li><a href=\"https:\/\/food-boulevard.fr\/\" target=\"_blank\" rel=\"noreferrer noopener\">https:\/\/food-boulevard.fr\/<\/a><\/li>\n\n\n\n<li><a href=\"https:\/\/reims4kids.fr\/\" target=\"_blank\" rel=\"noreferrer noopener\">https:\/\/reims4kids.fr\/<\/a><\/li>\n\n\n\n<li><a href=\"https:\/\/www.saveinreims.fr\/\" target=\"_blank\" rel=\"noreferrer noopener\">https:\/\/www.saveinreims.fr\/ <\/a><\/li>\n<\/ul>\n\n\n\n<p><\/p>\n","protected":false},"excerpt":{"rendered":"<p>Les \u00e9tudiants du master GMI sont constamment actifs et sollicit\u00e9s au travers de projets. En M1, ils s&rsquo;initient \u00e0 la m\u00e9thodologie de projet et mettent en place un \u00e9v\u00e9nement de leur choix qui a lieu au printemps. En M2, ils r\u00e9alisent un site web multilingue mettant en jeu l&rsquo;int\u00e9gralit\u00e9 des comp\u00e9tences du master. Ils doivent &hellip; <\/p>\n<p class=\"link-more\"><a href=\"https:\/\/mastergmi-reims.fr\/index.php\/iii-creations-etudiantes\/\" class=\"more-link\">Lire la suite de<span class=\"screen-reader-text\">\u00ab\u00a0Cr\u00e9ations \u00e9tudiantes\u00a0\u00bb<\/span><\/a><\/p>\n","protected":false},"author":1,"featured_media":0,"parent":0,"menu_order":0,"comment_status":"closed","ping_status":"closed","template":"","meta":{"footnotes":""},"class_list":["post-791","page","type-page","status-publish","hentry"],"_links":{"self":[{"href":"https:\/\/mastergmi-reims.fr\/index.php\/wp-json\/wp\/v2\/pages\/791","targetHints":{"allow":["GET"]}}],"collection":[{"href":"https:\/\/mastergmi-reims.fr\/index.php\/wp-json\/wp\/v2\/pages"}],"about":[{"href":"https:\/\/mastergmi-reims.fr\/index.php\/wp-json\/wp\/v2\/types\/page"}],"author":[{"embeddable":true,"href":"https:\/\/mastergmi-reims.fr\/index.php\/wp-json\/wp\/v2\/users\/1"}],"replies":[{"embeddable":true,"href":"https:\/\/mastergmi-reims.fr\/index.php\/wp-json\/wp\/v2\/comments?post=791"}],"version-history":[{"count":4,"href":"https:\/\/mastergmi-reims.fr\/index.php\/wp-json\/wp\/v2\/pages\/791\/revisions"}],"predecessor-version":[{"id":913,"href":"https:\/\/mastergmi-reims.fr\/index.php\/wp-json\/wp\/v2\/pages\/791\/revisions\/913"}],"wp:attachment":[{"href":"https:\/\/mastergmi-reims.fr\/index.php\/wp-json\/wp\/v2\/media?parent=791"}],"curies":[{"name":"wp","href":"https:\/\/api.w.org\/{rel}","templated":true}]}}