{"id":787,"date":"2024-10-24T17:47:04","date_gmt":"2024-10-24T15:47:04","guid":{"rendered":"https:\/\/mastergmi-reims.fr\/?page_id=787"},"modified":"2025-03-12T18:36:43","modified_gmt":"2025-03-12T17:36:43","slug":"i-debouches","status":"publish","type":"page","link":"https:\/\/mastergmi-reims.fr\/index.php\/i-debouches\/","title":{"rendered":"D\u00e9bouch\u00e9s"},"content":{"rendered":"\n<p><strong>Les objectifs professionnels <\/strong>visent des d\u00e9bouch\u00e9s professionnels imm\u00e9diats dans les m\u00e9tiers de l\u2019extraction, de la gestion, du traitement et de la diffusion de l\u2019information dans un environnement complexe, multilingue et num\u00e9rique qui peuvent intervenir aussi bien dans des start-up et des PME que dans des institutions publiques ou des entreprises multinationales :<\/p>\n\n\n\n<h2 class=\"wp-block-heading\">\u2022&nbsp; M\u00e9tiers de la communication digitale et du web marketing<\/h2>\n\n\n\n<p>charg\u00e9 de communication web, charg\u00e9 de marketing web, social media manager<\/p>\n\n\n\n<h2 class=\"wp-block-heading\">\u2022&nbsp; M\u00e9tiers de la production et de la gestion de contenu<\/h2>\n\n\n\n<p>responsable \u00e9ditorial, veilleur strat\u00e9gique, web-r\u00e9dacteur<\/p>\n\n\n\n<h2 class=\"wp-block-heading\">\u2022&nbsp; M\u00e9tiers de la conception et de la gestion de projet<\/h2>\n\n\n\n<p>chef de projet web, chef de projet e-learning, localisateur<\/p>\n\n\n\n<p><\/p>\n","protected":false},"excerpt":{"rendered":"<p>Les objectifs professionnels visent des d\u00e9bouch\u00e9s professionnels imm\u00e9diats dans les m\u00e9tiers de l\u2019extraction, de la gestion, du traitement et de la diffusion de l\u2019information dans un environnement complexe, multilingue et num\u00e9rique qui peuvent intervenir aussi bien dans des start-up et des PME que dans des institutions publiques ou des entreprises multinationales : \u2022&nbsp; M\u00e9tiers de &hellip; <\/p>\n<p class=\"link-more\"><a href=\"https:\/\/mastergmi-reims.fr\/index.php\/i-debouches\/\" class=\"more-link\">Lire la suite de<span class=\"screen-reader-text\">\u00ab\u00a0D\u00e9bouch\u00e9s\u00a0\u00bb<\/span><\/a><\/p>\n","protected":false},"author":1,"featured_media":0,"parent":0,"menu_order":0,"comment_status":"closed","ping_status":"closed","template":"","meta":{"footnotes":""},"class_list":["post-787","page","type-page","status-publish","hentry"],"_links":{"self":[{"href":"https:\/\/mastergmi-reims.fr\/index.php\/wp-json\/wp\/v2\/pages\/787","targetHints":{"allow":["GET"]}}],"collection":[{"href":"https:\/\/mastergmi-reims.fr\/index.php\/wp-json\/wp\/v2\/pages"}],"about":[{"href":"https:\/\/mastergmi-reims.fr\/index.php\/wp-json\/wp\/v2\/types\/page"}],"author":[{"embeddable":true,"href":"https:\/\/mastergmi-reims.fr\/index.php\/wp-json\/wp\/v2\/users\/1"}],"replies":[{"embeddable":true,"href":"https:\/\/mastergmi-reims.fr\/index.php\/wp-json\/wp\/v2\/comments?post=787"}],"version-history":[{"count":3,"href":"https:\/\/mastergmi-reims.fr\/index.php\/wp-json\/wp\/v2\/pages\/787\/revisions"}],"predecessor-version":[{"id":934,"href":"https:\/\/mastergmi-reims.fr\/index.php\/wp-json\/wp\/v2\/pages\/787\/revisions\/934"}],"wp:attachment":[{"href":"https:\/\/mastergmi-reims.fr\/index.php\/wp-json\/wp\/v2\/media?parent=787"}],"curies":[{"name":"wp","href":"https:\/\/api.w.org\/{rel}","templated":true}]}}