{"id":785,"date":"2024-10-24T17:47:55","date_gmt":"2024-10-24T15:47:55","guid":{"rendered":"https:\/\/mastergmi-reims.fr\/?page_id=785"},"modified":"2025-03-12T18:06:35","modified_gmt":"2025-03-12T17:06:35","slug":"iii-equipe-pedagogique","status":"publish","type":"page","link":"https:\/\/mastergmi-reims.fr\/index.php\/iii-equipe-pedagogique\/","title":{"rendered":"\u00c9quipe p\u00e9dagogique"},"content":{"rendered":"\n<p><strong>Eric Castagne<\/strong>, responsable de la mention Master Sciences du Langage: information, d\u00e9sinformation, intercompr\u00e9hension des langues<\/p>\n\n\n\n<p><strong><a href=\"https:\/\/www.linkedin.com\/in\/prisca-perani-4ab17b3b\/\" target=\"_blank\" rel=\"noreferrer noopener\">Prisca Perani<\/a>,<\/strong> responsable du parcours GMI: synth\u00e8se et recherche d&rsquo;information, projet tuteur\u00e9, suivi des stages<\/p>\n\n\n\n<p><strong>Emilie Sarcelet<\/strong>: revue de presse anglophone<\/p>\n\n\n\n<p><strong>Machteld Meulleman<\/strong>: structures des langues europ\u00e9ennes, intercompr\u00e9hension des langues germaniques<\/p>\n\n\n\n<p><strong>Sonia Fernandez Hoyos<\/strong>: revue de presse hispanophone<\/p>\n\n\n\n<p><strong><a href=\"https:\/\/www.linkedin.com\/in\/alexis-l%C3%A9vrier-31456aa\/\" target=\"_blank\" rel=\"noreferrer noopener\">Alexis L\u00e9vrier<\/a><\/strong>: information et d\u00e9sinformation<\/p>\n\n\n\n<p><strong>C\u00e9cile Brion<\/strong>: pragmatique de la communication<\/p>\n\n\n\n<p><strong>Geoffray Brunaux<\/strong>: droit de l&rsquo;internet<\/p>\n\n\n\n<p>*********************************************<\/p>\n\n\n\n<p><\/p>\n\n\n\n<p><strong>Nos intervenants professionnels<\/strong><\/p>\n\n\n\n<p><\/p>\n\n\n\n<p><strong><a href=\"https:\/\/www.linkedin.com\/in\/bertrandduc\/\" target=\"_blank\" rel=\"noreferrer noopener\">Bertrand Duc<\/a><\/strong>: communication digitale<\/p>\n\n\n\n<p><strong><a href=\"https:\/\/www.linkedin.com\/in\/nils-schaefer-b8323282\/\" target=\"_blank\" rel=\"noreferrer noopener\">Nils Schaefer<\/a><\/strong>: webmarketing, programmation web<\/p>\n\n\n\n<p><strong><a href=\"https:\/\/www.linkedin.com\/in\/laureen-degrond-720305141\/\" target=\"_blank\" rel=\"noreferrer noopener\">Laureen Degrond<\/a><\/strong>: graphisme<\/p>\n\n\n\n<p><strong><a href=\"https:\/\/www.linkedin.com\/in\/oph%C3%A9lie-h%C3%A9buterne-92769253\/\" target=\"_blank\" rel=\"noreferrer noopener\">Oph\u00e9lie Hebuterne<\/a><\/strong>: fondamentaux de la communication digitale<\/p>\n\n\n\n<p><strong><a href=\"https:\/\/www.linkedin.com\/in\/piffeteau-alexis-6496869\/\" target=\"_blank\" rel=\"noreferrer noopener\">Alexis Piffeteau<\/a><\/strong>: initiation au graphisme<\/p>\n\n\n\n<p><strong><a href=\"https:\/\/www.linkedin.com\/in\/angel-guyot\/\" target=\"_blank\" rel=\"noreferrer noopener\">Angel Guyot<\/a><\/strong>: social media<\/p>\n\n\n\n<p><strong><a href=\"https:\/\/www.linkedin.com\/in\/oliviercez\/\" target=\"_blank\" rel=\"noreferrer noopener\">Olivier Cez<\/a><\/strong>: UX design<\/p>\n\n\n\n<p><strong><a href=\"https:\/\/www.linkedin.com\/in\/carole-thiry-bour\/\" target=\"_blank\" rel=\"noreferrer noopener\">Carole Bour<\/a><\/strong>: gestion de projet<\/p>\n\n\n\n<p><strong><a href=\"https:\/\/www.linkedin.com\/in\/etiennegodfroy\/\" target=\"_blank\" rel=\"noreferrer noopener\">Etienne Godfroy<\/a><\/strong>: r\u00e9f\u00e9rencement et r\u00e9daction web<\/p>\n\n\n\n<p><\/p>\n","protected":false},"excerpt":{"rendered":"<p>Eric Castagne, responsable de la mention Master Sciences du Langage: information, d\u00e9sinformation, intercompr\u00e9hension des langues Prisca Perani, responsable du parcours GMI: synth\u00e8se et recherche d&rsquo;information, projet tuteur\u00e9, suivi des stages Emilie Sarcelet: revue de presse anglophone Machteld Meulleman: structures des langues europ\u00e9ennes, intercompr\u00e9hension des langues germaniques Sonia Fernandez Hoyos: revue de presse hispanophone Alexis L\u00e9vrier: &hellip; <\/p>\n<p class=\"link-more\"><a href=\"https:\/\/mastergmi-reims.fr\/index.php\/iii-equipe-pedagogique\/\" class=\"more-link\">Lire la suite de<span class=\"screen-reader-text\">\u00ab\u00a0\u00c9quipe p\u00e9dagogique\u00a0\u00bb<\/span><\/a><\/p>\n","protected":false},"author":1,"featured_media":0,"parent":0,"menu_order":0,"comment_status":"closed","ping_status":"closed","template":"","meta":{"footnotes":""},"class_list":["post-785","page","type-page","status-publish","hentry"],"_links":{"self":[{"href":"https:\/\/mastergmi-reims.fr\/index.php\/wp-json\/wp\/v2\/pages\/785","targetHints":{"allow":["GET"]}}],"collection":[{"href":"https:\/\/mastergmi-reims.fr\/index.php\/wp-json\/wp\/v2\/pages"}],"about":[{"href":"https:\/\/mastergmi-reims.fr\/index.php\/wp-json\/wp\/v2\/types\/page"}],"author":[{"embeddable":true,"href":"https:\/\/mastergmi-reims.fr\/index.php\/wp-json\/wp\/v2\/users\/1"}],"replies":[{"embeddable":true,"href":"https:\/\/mastergmi-reims.fr\/index.php\/wp-json\/wp\/v2\/comments?post=785"}],"version-history":[{"count":6,"href":"https:\/\/mastergmi-reims.fr\/index.php\/wp-json\/wp\/v2\/pages\/785\/revisions"}],"predecessor-version":[{"id":925,"href":"https:\/\/mastergmi-reims.fr\/index.php\/wp-json\/wp\/v2\/pages\/785\/revisions\/925"}],"wp:attachment":[{"href":"https:\/\/mastergmi-reims.fr\/index.php\/wp-json\/wp\/v2\/media?parent=785"}],"curies":[{"name":"wp","href":"https:\/\/api.w.org\/{rel}","templated":true}]}}