{"id":781,"date":"2024-10-24T17:47:26","date_gmt":"2024-10-24T15:47:26","guid":{"rendered":"https:\/\/mastergmi-reims.fr\/?page_id=781"},"modified":"2025-02-12T19:03:33","modified_gmt":"2025-02-12T18:03:33","slug":"i-presentation","status":"publish","type":"page","link":"https:\/\/mastergmi-reims.fr\/index.php\/i-presentation\/","title":{"rendered":"Pr\u00e9sentation"},"content":{"rendered":"\n<p>Le master <strong>Gestion Multilingue de l&rsquo;Information, m\u00e9tiers du web et du num\u00e9rique<\/strong>, de la mention Sciences du langage est un <strong>dipl\u00f4me national<\/strong>.<\/p>\n\n\n\n<p>La mention Sciences du langage, adoss\u00e9e au laboratoire CIRLEP EA 4299, propose une formation scientifique pluridisciplinaire, voire interdisciplinaire, ouverte \u00e0 tous les \u00e9tudiant.e.s de Lettres ou de Langues d\u00e9tenteurs d&rsquo;une Licence, et d\u00e9j\u00e0 op\u00e9rationnels en anglais. Il n&rsquo;y a pas de pr\u00e9-requis sur une LV2 exig\u00e9, ni sur les comp\u00e9tences num\u00e9riques, mais une forte app\u00e9tence pour les langues et le num\u00e9rique est n\u00e9cessaire.<\/p>\n\n\n\n<p>Le programme du parcours Gestion Multilingue de l&rsquo;Information, mutualis\u00e9 en partie avec le parcours Plurilinguisme et FLE de la m\u00eame mention et inscrit dans une perspective internationale et pluriculturelle, offre des unit\u00e9s d&rsquo;enseignement disciplinaire de haut niveau et d&rsquo;accompagnement \u00e0 la professionnalisation au cours des 3 premiers semestres, l&rsquo;obligation de faire un stage de courte dur\u00e9e au S2, et un stage de longue dur\u00e9e au S4, chacun de ces stages pouvant \u00eatre effectu\u00e9s en France ou \u00e0 l&rsquo;international.<\/p>\n\n\n\n<p>Le parcours GMI d\u00e9veloppe plusieurs th\u00e9matiques d&rsquo;enseignements diff\u00e9rents mais compl\u00e9mentaires:<br>&#8211; des enseignements de haute tenue scientifique en <strong>sciences du langage<\/strong>: extraction de l&rsquo;information en langues romanes et germaniques, s\u00e9mantique et lexicologie, pragmatique de la communication, analyse de discours<br>&#8211; des enseignements couvrant la <strong>cha\u00eene de l&rsquo;information<\/strong>: recherche et synth\u00e8se d&rsquo;information en anglais, revue de presse anglophone et hispanophone, fiabilit\u00e9 de l&rsquo;information, d\u00e9sinformation, r\u00e9daction pour le web et r\u00e9f\u00e9rencement, droit de l&rsquo;internet<br>&#8211; des <strong>enseignements techniques et num\u00e9riques<\/strong>: cr\u00e9ation de sites web, r\u00e9seaux, bases de donn\u00e9es et business intelligence, outils de webmarketing, UX design, graphisme<br>&#8211; des <strong>enseignements professionnalisants<\/strong>: communication digitale, strat\u00e9gie social media, gestion de projet<\/p>\n\n\n\n<p>En M1 une<strong> initiation \u00e0 la recherche<\/strong> est propos\u00e9e avec la r\u00e9alisation d&rsquo;un mini m\u00e9moire de recherche sur un des th\u00e8mes couverts par le master.<br>En M2 un <strong>projet tuteur\u00e9<\/strong> de groupe visant \u00e0 agr\u00e9ger la totalit\u00e9 des comp\u00e9tences d\u00e9velopp\u00e9es pendant le master sert de fil rouge au semestre.<br>Un <strong>stage de courte dur\u00e9e<\/strong> a lieu au S2, et un <strong>stage de longue dur\u00e9e<\/strong>, donnant lieu \u00e0 un <strong>m\u00e9moire professionnel<\/strong>, occupe tout le semestre 4. Les \u00e9tudiants sont accompagn\u00e9s et aid\u00e9s dans leur recherche de stage. Ce stage peut avoir lieu en France ou \u00e0 l&rsquo;\u00e9tranger, se focaliser sur un des aspects du master ou \u00eatre plus polyvalent, selon les aspirations et profils des \u00e9tudiants.<\/p>\n\n\n\n<p><\/p>\n","protected":false},"excerpt":{"rendered":"<p>Le master Gestion Multilingue de l&rsquo;Information, m\u00e9tiers du web et du num\u00e9rique, de la mention Sciences du langage est un dipl\u00f4me national. La mention Sciences du langage, adoss\u00e9e au laboratoire CIRLEP EA 4299, propose une formation scientifique pluridisciplinaire, voire interdisciplinaire, ouverte \u00e0 tous les \u00e9tudiant.e.s de Lettres ou de Langues d\u00e9tenteurs d&rsquo;une Licence, et d\u00e9j\u00e0 &hellip; <\/p>\n<p class=\"link-more\"><a href=\"https:\/\/mastergmi-reims.fr\/index.php\/i-presentation\/\" class=\"more-link\">Lire la suite de<span class=\"screen-reader-text\">\u00ab\u00a0Pr\u00e9sentation\u00a0\u00bb<\/span><\/a><\/p>\n","protected":false},"author":1,"featured_media":0,"parent":0,"menu_order":0,"comment_status":"closed","ping_status":"closed","template":"","meta":{"footnotes":""},"class_list":["post-781","page","type-page","status-publish","hentry"],"_links":{"self":[{"href":"https:\/\/mastergmi-reims.fr\/index.php\/wp-json\/wp\/v2\/pages\/781","targetHints":{"allow":["GET"]}}],"collection":[{"href":"https:\/\/mastergmi-reims.fr\/index.php\/wp-json\/wp\/v2\/pages"}],"about":[{"href":"https:\/\/mastergmi-reims.fr\/index.php\/wp-json\/wp\/v2\/types\/page"}],"author":[{"embeddable":true,"href":"https:\/\/mastergmi-reims.fr\/index.php\/wp-json\/wp\/v2\/users\/1"}],"replies":[{"embeddable":true,"href":"https:\/\/mastergmi-reims.fr\/index.php\/wp-json\/wp\/v2\/comments?post=781"}],"version-history":[{"count":7,"href":"https:\/\/mastergmi-reims.fr\/index.php\/wp-json\/wp\/v2\/pages\/781\/revisions"}],"predecessor-version":[{"id":903,"href":"https:\/\/mastergmi-reims.fr\/index.php\/wp-json\/wp\/v2\/pages\/781\/revisions\/903"}],"wp:attachment":[{"href":"https:\/\/mastergmi-reims.fr\/index.php\/wp-json\/wp\/v2\/media?parent=781"}],"curies":[{"name":"wp","href":"https:\/\/api.w.org\/{rel}","templated":true}]}}