{"id":777,"date":"2024-10-24T17:48:21","date_gmt":"2024-10-24T15:48:21","guid":{"rendered":"https:\/\/mastergmi-reims.fr\/?page_id=777"},"modified":"2025-03-12T19:13:49","modified_gmt":"2025-03-12T18:13:49","slug":"les-metiers-du-web-et-du-numerique","status":"publish","type":"page","link":"https:\/\/mastergmi-reims.fr\/index.php\/les-metiers-du-web-et-du-numerique\/","title":{"rendered":"Les m\u00e9tiers du web et du num\u00e9rique"},"content":{"rendered":"\n<p>Le master GMI, m\u00e9tiers du web et du num\u00e9rique, permet \u00e0 ses dipl\u00f4m\u00e9s de s&rsquo;ins\u00e9rer dans un nombre importants de m\u00e9tiers et de secteurs ayant trait au num\u00e9rique. La plupart des secteurs sont aujourd&rsquo;hui impact\u00e9s par la sph\u00e8re num\u00e9rique: les dipl\u00f4m\u00e9s GMI sont \u00e0 l&rsquo;interface du contenu et du web. <\/p>\n\n\n\n<p>Dans la famille des m\u00e9tiers du web, le master GMI permet d&rsquo;acc\u00e9der \u00e0 3 grands secteurs de m\u00e9tiers: l<strong>es m\u00e9tiers de la production de contenu, les m\u00e9tiers de la communication et du marketing, les m\u00e9tiers de la gestion de projet web. <\/strong><\/p>\n\n\n\n<figure class=\"wp-block-image size-full is-resized\"><img fetchpriority=\"high\" decoding=\"async\" width=\"629\" height=\"602\" src=\"https:\/\/mastergmi-reims.fr\/wp-content\/uploads\/2025\/03\/Capture.jpg\" alt=\"\" class=\"wp-image-941\" style=\"width:563px;height:auto\" srcset=\"https:\/\/mastergmi-reims.fr\/wp-content\/uploads\/2025\/03\/Capture.jpg 629w, https:\/\/mastergmi-reims.fr\/wp-content\/uploads\/2025\/03\/Capture-300x287.jpg 300w\" sizes=\"(max-width: 629px) 100vw, 629px\" \/><\/figure>\n\n\n\n<figure class=\"wp-block-image size-full is-resized\"><img decoding=\"async\" width=\"644\" height=\"623\" src=\"https:\/\/mastergmi-reims.fr\/wp-content\/uploads\/2025\/03\/Capture2.jpg\" alt=\"\" class=\"wp-image-943\" style=\"width:564px;height:auto\" srcset=\"https:\/\/mastergmi-reims.fr\/wp-content\/uploads\/2025\/03\/Capture2.jpg 644w, https:\/\/mastergmi-reims.fr\/wp-content\/uploads\/2025\/03\/Capture2-300x290.jpg 300w\" sizes=\"(max-width: 644px) 100vw, 644px\" \/><\/figure>\n\n\n\n<figure class=\"wp-block-image size-full is-resized\"><img decoding=\"async\" width=\"643\" height=\"625\" src=\"https:\/\/mastergmi-reims.fr\/wp-content\/uploads\/2025\/03\/Capture1.jpg\" alt=\"\" class=\"wp-image-944\" style=\"width:565px;height:auto\" srcset=\"https:\/\/mastergmi-reims.fr\/wp-content\/uploads\/2025\/03\/Capture1.jpg 643w, https:\/\/mastergmi-reims.fr\/wp-content\/uploads\/2025\/03\/Capture1-300x292.jpg 300w\" sizes=\"(max-width: 643px) 100vw, 643px\" \/><\/figure>\n\n\n\n<figure class=\"wp-block-image size-full is-resized\"><img loading=\"lazy\" decoding=\"async\" width=\"642\" height=\"626\" src=\"https:\/\/mastergmi-reims.fr\/wp-content\/uploads\/2025\/03\/Capture3.jpg\" alt=\"\" class=\"wp-image-945\" style=\"width:564px;height:auto\" srcset=\"https:\/\/mastergmi-reims.fr\/wp-content\/uploads\/2025\/03\/Capture3.jpg 642w, https:\/\/mastergmi-reims.fr\/wp-content\/uploads\/2025\/03\/Capture3-300x293.jpg 300w\" sizes=\"(max-width: 642px) 100vw, 642px\" \/><\/figure>\n\n\n\n<p>Source: <a href=\"http:\/\/www.metiers.internet.gouv.fr\/\">http:\/\/www.metiers.internet.gouv.fr\/<\/a> <\/p>\n","protected":false},"excerpt":{"rendered":"<p>Le master GMI, m\u00e9tiers du web et du num\u00e9rique, permet \u00e0 ses dipl\u00f4m\u00e9s de s&rsquo;ins\u00e9rer dans un nombre importants de m\u00e9tiers et de secteurs ayant trait au num\u00e9rique. La plupart des secteurs sont aujourd&rsquo;hui impact\u00e9s par la sph\u00e8re num\u00e9rique: les dipl\u00f4m\u00e9s GMI sont \u00e0 l&rsquo;interface du contenu et du web. Dans la famille des m\u00e9tiers &hellip; <\/p>\n<p class=\"link-more\"><a href=\"https:\/\/mastergmi-reims.fr\/index.php\/les-metiers-du-web-et-du-numerique\/\" class=\"more-link\">Lire la suite de<span class=\"screen-reader-text\">\u00ab\u00a0Les m\u00e9tiers du web et du num\u00e9rique\u00a0\u00bb<\/span><\/a><\/p>\n","protected":false},"author":1,"featured_media":0,"parent":0,"menu_order":0,"comment_status":"closed","ping_status":"closed","template":"","meta":{"footnotes":""},"class_list":["post-777","page","type-page","status-publish","hentry"],"_links":{"self":[{"href":"https:\/\/mastergmi-reims.fr\/index.php\/wp-json\/wp\/v2\/pages\/777","targetHints":{"allow":["GET"]}}],"collection":[{"href":"https:\/\/mastergmi-reims.fr\/index.php\/wp-json\/wp\/v2\/pages"}],"about":[{"href":"https:\/\/mastergmi-reims.fr\/index.php\/wp-json\/wp\/v2\/types\/page"}],"author":[{"embeddable":true,"href":"https:\/\/mastergmi-reims.fr\/index.php\/wp-json\/wp\/v2\/users\/1"}],"replies":[{"embeddable":true,"href":"https:\/\/mastergmi-reims.fr\/index.php\/wp-json\/wp\/v2\/comments?post=777"}],"version-history":[{"count":6,"href":"https:\/\/mastergmi-reims.fr\/index.php\/wp-json\/wp\/v2\/pages\/777\/revisions"}],"predecessor-version":[{"id":964,"href":"https:\/\/mastergmi-reims.fr\/index.php\/wp-json\/wp\/v2\/pages\/777\/revisions\/964"}],"wp:attachment":[{"href":"https:\/\/mastergmi-reims.fr\/index.php\/wp-json\/wp\/v2\/media?parent=777"}],"curies":[{"name":"wp","href":"https:\/\/api.w.org\/{rel}","templated":true}]}}