{"id":775,"date":"2024-10-24T17:48:13","date_gmt":"2024-10-24T15:48:13","guid":{"rendered":"https:\/\/mastergmi-reims.fr\/?page_id=775"},"modified":"2025-03-12T19:39:01","modified_gmt":"2025-03-12T18:39:01","slug":"le-master","status":"publish","type":"page","link":"https:\/\/mastergmi-reims.fr\/index.php\/le-master\/","title":{"rendered":"Le master"},"content":{"rendered":"\n<p>Le parcours <strong>Gestion Multilingue de l&rsquo;Information, M\u00e9tiers du Web et du Num\u00e9rique<\/strong> (GMI) du master Sciences du Langage (SdL), adoss\u00e9 \u00e0 une \u00e9quipe de recherche accr\u00e9dit\u00e9e (CIRLEP) accr\u00e9dit\u00e9e et reconnue de longue date pour ses recherches dans le domaine du <strong>multilinguisme <\/strong>et du <strong>plurilinguisme<\/strong>, propose une f<strong>ormation originale et polyvalente<\/strong> qui propose des enseignements \u00e0 la fois tr\u00e8s diff\u00e9rents mais r\u00e9unis par une coh\u00e9rence globale forte autour de <strong>l&rsquo;information<\/strong>:<br>&#8211; savoirs sp\u00e9cialis\u00e9s en <strong>linguistique<\/strong>, extraction de l&rsquo;information<br>&#8211; d\u00e9veloppement de comp\u00e9tences en <strong>gestion de l&rsquo;information, collecte, synth\u00e8se, veille, production de contenu<\/strong><br>&#8211; d\u00e9veloppement de comp\u00e9tences op\u00e9rationnelles en <strong>communication digitale<\/strong> et <strong>webmarketing<\/strong>, <strong>graphisme<\/strong>, <strong>gestion de projet<\/strong>, <strong>r\u00e9f\u00e9rencement<\/strong>, <strong>r\u00e9daction <\/strong>pour le web<br>&#8211; d\u00e9veloppement de comp\u00e9tences techniques en <strong>programmation<\/strong>, <strong>d\u00e9veloppement web, bases de donn\u00e9es, UX design<\/strong><\/p>\n\n\n\n<p>Ces savoirs et comp\u00e9tences se r\u00e9pondent et se compl\u00e8tent afin de former des <strong>professionnels polyvalents<\/strong> pr\u00eats \u00e0 occuper une vari\u00e9t\u00e9 importante de m\u00e9tiers du <strong>web <\/strong>et du <strong>num\u00e9rique<\/strong>. La formation s&rsquo;inscrit dans une <strong>perspective internationale et pluriculturelle<\/strong> et prend en compte les besoins en formation continue des secteurs professionnels concern\u00e9s.<\/p>\n\n\n\n<p><\/p>\n","protected":false},"excerpt":{"rendered":"<p>Le parcours Gestion Multilingue de l&rsquo;Information, M\u00e9tiers du Web et du Num\u00e9rique (GMI) du master Sciences du Langage (SdL), adoss\u00e9 \u00e0 une \u00e9quipe de recherche accr\u00e9dit\u00e9e (CIRLEP) accr\u00e9dit\u00e9e et reconnue de longue date pour ses recherches dans le domaine du multilinguisme et du plurilinguisme, propose une formation originale et polyvalente qui propose des enseignements \u00e0 &hellip; <\/p>\n<p class=\"link-more\"><a href=\"https:\/\/mastergmi-reims.fr\/index.php\/le-master\/\" class=\"more-link\">Lire la suite de<span class=\"screen-reader-text\">\u00ab\u00a0Le master\u00a0\u00bb<\/span><\/a><\/p>\n","protected":false},"author":1,"featured_media":0,"parent":0,"menu_order":0,"comment_status":"closed","ping_status":"closed","template":"","meta":{"footnotes":""},"class_list":["post-775","page","type-page","status-publish","hentry"],"_links":{"self":[{"href":"https:\/\/mastergmi-reims.fr\/index.php\/wp-json\/wp\/v2\/pages\/775","targetHints":{"allow":["GET"]}}],"collection":[{"href":"https:\/\/mastergmi-reims.fr\/index.php\/wp-json\/wp\/v2\/pages"}],"about":[{"href":"https:\/\/mastergmi-reims.fr\/index.php\/wp-json\/wp\/v2\/types\/page"}],"author":[{"embeddable":true,"href":"https:\/\/mastergmi-reims.fr\/index.php\/wp-json\/wp\/v2\/users\/1"}],"replies":[{"embeddable":true,"href":"https:\/\/mastergmi-reims.fr\/index.php\/wp-json\/wp\/v2\/comments?post=775"}],"version-history":[{"count":6,"href":"https:\/\/mastergmi-reims.fr\/index.php\/wp-json\/wp\/v2\/pages\/775\/revisions"}],"predecessor-version":[{"id":975,"href":"https:\/\/mastergmi-reims.fr\/index.php\/wp-json\/wp\/v2\/pages\/775\/revisions\/975"}],"wp:attachment":[{"href":"https:\/\/mastergmi-reims.fr\/index.php\/wp-json\/wp\/v2\/media?parent=775"}],"curies":[{"name":"wp","href":"https:\/\/api.w.org\/{rel}","templated":true}]}}