{"id":35,"date":"2018-10-15T17:21:19","date_gmt":"2018-10-15T15:21:19","guid":{"rendered":"http:\/\/mastergmi-reims.fr\/?page_id=35"},"modified":"2025-03-12T19:37:52","modified_gmt":"2025-03-12T18:37:52","slug":"accueil","status":"publish","type":"page","link":"https:\/\/mastergmi-reims.fr\/","title":{"rendered":"Master Gestion Multlingue de l&rsquo;Information, M\u00e9tiers du Web et du Num\u00e9rique"},"content":{"rendered":"\n<p>Depuis 2005, le master GMI offre des d\u00e9bouch\u00e9s en phase avec la soci\u00e9t\u00e9 et le monde du travail \u00e0 des<strong> \u00e9tudiants issus de licences en lettres et langues.<\/strong><\/p>\n\n\n\n<p>Ce parcours, un parcours du master Sciences du Langage de l&rsquo;Universit\u00e9 de Reims Champagne Ardenne, d\u00e9veloppe plusieurs th\u00e9matiques d\u2019enseignements diff\u00e9rents mais compl\u00e9mentaires:<br>\u2013 des enseignements de haute tenue scientifique en\u00a0<strong>sciences du langage<\/strong>: extraction de l\u2019information en langues romanes et germaniques, s\u00e9mantique et lexicologie, pragmatique de la communication, analyse de discours<br>\u2013 des enseignements couvrant la\u00a0<strong>cha\u00eene de l\u2019information<\/strong>: recherche et synth\u00e8se d\u2019information en anglais, revue de presse anglophone et hispanophone, fiabilit\u00e9 de l\u2019information, d\u00e9sinformation, r\u00e9daction pour le web et r\u00e9f\u00e9rencement, droit de l\u2019internet<br>\u2013 des\u00a0<strong>enseignements techniques et num\u00e9riques<\/strong>: cr\u00e9ation de sites web, r\u00e9seaux, bases de donn\u00e9es et business intelligence, outils de webmarketing, UX design, graphisme<br>\u2013 des\u00a0<strong>enseignements professionnalisants<\/strong>: communication digitale, strat\u00e9gie social media, gestion de projet<\/p>\n\n\n\n<p><\/p>\n\n\n\n<p>Notre master est sur <a href=\"https:\/\/www.linkedin.com\/company\/100351352\/\" target=\"_blank\" rel=\"noreferrer noopener\">LinkedIn <\/a>, abonnez vous!<\/p>\n\n\n\n<p><\/p>\n","protected":false},"excerpt":{"rendered":"<p>Depuis 2005, le master GMI offre des d\u00e9bouch\u00e9s en phase avec la soci\u00e9t\u00e9 et le monde du travail \u00e0 des \u00e9tudiants issus de licences en lettres et langues. Ce parcours, un parcours du master Sciences du Langage de l&rsquo;Universit\u00e9 de Reims Champagne Ardenne, d\u00e9veloppe plusieurs th\u00e9matiques d\u2019enseignements diff\u00e9rents mais compl\u00e9mentaires:\u2013 des enseignements de haute tenue &hellip; <\/p>\n<p class=\"link-more\"><a href=\"https:\/\/mastergmi-reims.fr\/\" class=\"more-link\">Lire la suite de<span class=\"screen-reader-text\">\u00ab\u00a0Master Gestion Multlingue de l&rsquo;Information, M\u00e9tiers du Web et du Num\u00e9rique\u00a0\u00bb<\/span><\/a><\/p>\n","protected":false},"author":1,"featured_media":0,"parent":0,"menu_order":0,"comment_status":"closed","ping_status":"closed","template":"","meta":{"footnotes":""},"class_list":["post-35","page","type-page","status-publish","hentry"],"_links":{"self":[{"href":"https:\/\/mastergmi-reims.fr\/index.php\/wp-json\/wp\/v2\/pages\/35","targetHints":{"allow":["GET"]}}],"collection":[{"href":"https:\/\/mastergmi-reims.fr\/index.php\/wp-json\/wp\/v2\/pages"}],"about":[{"href":"https:\/\/mastergmi-reims.fr\/index.php\/wp-json\/wp\/v2\/types\/page"}],"author":[{"embeddable":true,"href":"https:\/\/mastergmi-reims.fr\/index.php\/wp-json\/wp\/v2\/users\/1"}],"replies":[{"embeddable":true,"href":"https:\/\/mastergmi-reims.fr\/index.php\/wp-json\/wp\/v2\/comments?post=35"}],"version-history":[{"count":13,"href":"https:\/\/mastergmi-reims.fr\/index.php\/wp-json\/wp\/v2\/pages\/35\/revisions"}],"predecessor-version":[{"id":973,"href":"https:\/\/mastergmi-reims.fr\/index.php\/wp-json\/wp\/v2\/pages\/35\/revisions\/973"}],"wp:attachment":[{"href":"https:\/\/mastergmi-reims.fr\/index.php\/wp-json\/wp\/v2\/media?parent=35"}],"curies":[{"name":"wp","href":"https:\/\/api.w.org\/{rel}","templated":true}]}}