{"id":3,"date":"2018-10-14T21:28:50","date_gmt":"2018-10-14T19:28:50","guid":{"rendered":"http:\/\/mastergmi-reims.fr\/?page_id=3"},"modified":"2024-10-10T15:33:47","modified_gmt":"2024-10-10T13:33:47","slug":"politique-de-confidentialite","status":"publish","type":"page","link":"https:\/\/mastergmi-reims.fr\/index.php\/politique-de-confidentialite\/","title":{"rendered":"Politique de confidentialit\u00e9"},"content":{"rendered":"\t\t<div data-elementor-type=\"wp-page\" data-elementor-id=\"3\" class=\"elementor elementor-3\">\n\t\t\t\t<div class=\"elementor-element elementor-element-4a5eda7f e-flex e-con-boxed e-con e-parent\" data-id=\"4a5eda7f\" data-element_type=\"container\">\n\t\t\t\t\t<div class=\"e-con-inner\">\n\t\t\t\t<div class=\"elementor-element elementor-element-581b134d elementor-widget elementor-widget-text-editor\" data-id=\"581b134d\" data-element_type=\"widget\" data-widget_type=\"text-editor.default\">\n\t\t\t\t<div class=\"elementor-widget-container\">\n\t\t\t\t\t\t\t<h2>Qui sommes-nous\u00a0?<\/h2>\nL\u2019adresse de notre site est : https:\/\/mastergmi-reims.fr.\n\nCe site web a \u00e9t\u00e9 cr\u00e9\u00e9 par des \u00e9tudiants de la promotion 2019 du Master Gestion Multilingue de l\u2019Information dans le cadre de la mati\u00e8re \u00ab Projet tuteur\u00e9 \u00bb. Il a \u00e9t\u00e9 cr\u00e9\u00e9 \u00e0 seul but informatif et n\u2019est en aucun affili\u00e9 \u00e0 l\u2019Universit\u00e9 de Reims Champagne-Ardenne.\n\nIl a \u00e9t\u00e9 mis \u00e0 jour et retravaill\u00e9 par une \u00e9tudiante de la promotion 2025 toujours dans le cadre du \u00ab\u00a0Projet tuteur\u00e9\u00a0\u00bb. Afin de mettre \u00e0 jour les informations et le contenu du site suite \u00e0 l&rsquo;\u00e9volution du master en lui-m\u00eame, et ainsi de favoriser son d\u00e9veloppement aupr\u00e8s des \u00e9tudiants.\n<h2>Politique de confidentialit\u00e9<\/h2>\n<h3>Introduction<\/h3>\nCette politique de confidentialit\u00e9 d\u00e9crit comment nous pouvons collecte, utiliser et prot\u00e9ger vos informations personnelles lorsque vous visitez notre site.\n<h3>1. Informations collect\u00e9es<\/h3>\nInformations personnelles: nom, pr\u00e9nom, adresse e-mail.\n\nDonn\u00e9es de navigation: adresse IP, type de navigateur, pages visit\u00e9es, temps pass\u00e9 sur le site.\n<h3>2. Utilisation des donn\u00e9es<\/h3>\nNous utilisons vos informations pour am\u00e9liorer notre site et son contenu.\n<h3>3. Protection des donn\u00e9es<\/h3>\nNous prenons des mesures de s\u00e9curit\u00e9 appropri\u00e9es pour prot\u00e9ger vos informations contre tout acc\u00e8s non autoris\u00e9, modification, divulgation ou destruction. Cela inclut des mesures techniques et organisationnelles.\n<h3>4. Partage des Informations<\/h3>\nNous ne vendons ni ne louons vos informations personnelles \u00e0 des tiers.\n<h3>5. Contenu embarqu\u00e9 depuis d&rsquo;autres sites<\/h3>\nLes articles de ce site peuvent inclure des contenus int\u00e9gr\u00e9s (par exemple des vid\u00e9os, images, articles\u2026). Le contenu int\u00e9gr\u00e9 depuis d\u2019autres sites se comporte de la m\u00eame mani\u00e8re que si le visiteur se rendait sur cet autre site.\n\nCes sites web pourraient collecter des donn\u00e9es sur vous, utiliser des cookies, embarquer des outils de suivis tiers, suivre vos interactions avec ces contenus embarqu\u00e9s si vous disposez d\u2019un compte connect\u00e9 sur leur site web.\n<h3>6. Droit des Utilisateurs<\/h3>\nVous avez le droit de :\n<ul>\n \t<li>Acc\u00e9der \u00e0 vos donn\u00e9es personnelles.<\/li>\n \t<li>Demander la rectification de vos donn\u00e9es inexactes.<\/li>\n \t<li>Demander l&rsquo;effacement de vos donn\u00e9es sous certaines conditions.<\/li>\n \t<li>Vous opposer \u00e0 l&rsquo;utilisation de vos donn\u00e9es \u00e0 des fins marketing.<\/li>\n<\/ul>\nPour exercer ces droits, veuillez nous contacter via un formulaire de contact.\n<h3>7. Modifications de la Politique<\/h3>\nNous nous r\u00e9servons le droit de modifier cette politique de confidentialit\u00e9. Toute modification sera publi\u00e9e sur cette page avec une date de mise \u00e0 jour.\n<h3>8. Contact<\/h3>\nPour toute question ou pr\u00e9occupation concernant cette politique de confidentialit\u00e9, veuillez nous contacter via un formulaire de contact.\n<h3><\/h3>\n<h3><\/h3>\t\t\t\t\t\t<\/div>\n\t\t\t\t<\/div>\n\t\t\t\t\t<\/div>\n\t\t\t\t<\/div>\n\t\t\t\t<\/div>\n\t\t","protected":false},"excerpt":{"rendered":"<p>Qui sommes-nous\u00a0? L\u2019adresse de notre site est : https:\/\/mastergmi-reims.fr. Ce site web a \u00e9t\u00e9 cr\u00e9\u00e9 par des \u00e9tudiants de la promotion 2019 du Master Gestion Multilingue de l\u2019Information dans le cadre de la mati\u00e8re \u00ab Projet tuteur\u00e9 \u00bb. Il a \u00e9t\u00e9 cr\u00e9\u00e9 \u00e0 seul but informatif et n\u2019est en aucun affili\u00e9 \u00e0 l\u2019Universit\u00e9 de Reims &hellip; <\/p>\n<p class=\"link-more\"><a href=\"https:\/\/mastergmi-reims.fr\/index.php\/politique-de-confidentialite\/\" class=\"more-link\">Lire la suite de<span class=\"screen-reader-text\">\u00ab\u00a0Politique de confidentialit\u00e9\u00a0\u00bb<\/span><\/a><\/p>\n","protected":false},"author":1,"featured_media":0,"parent":0,"menu_order":0,"comment_status":"closed","ping_status":"closed","template":"","meta":{"footnotes":""},"class_list":["post-3","page","type-page","status-publish","hentry"],"_links":{"self":[{"href":"https:\/\/mastergmi-reims.fr\/index.php\/wp-json\/wp\/v2\/pages\/3","targetHints":{"allow":["GET"]}}],"collection":[{"href":"https:\/\/mastergmi-reims.fr\/index.php\/wp-json\/wp\/v2\/pages"}],"about":[{"href":"https:\/\/mastergmi-reims.fr\/index.php\/wp-json\/wp\/v2\/types\/page"}],"author":[{"embeddable":true,"href":"https:\/\/mastergmi-reims.fr\/index.php\/wp-json\/wp\/v2\/users\/1"}],"replies":[{"embeddable":true,"href":"https:\/\/mastergmi-reims.fr\/index.php\/wp-json\/wp\/v2\/comments?post=3"}],"version-history":[{"count":5,"href":"https:\/\/mastergmi-reims.fr\/index.php\/wp-json\/wp\/v2\/pages\/3\/revisions"}],"predecessor-version":[{"id":755,"href":"https:\/\/mastergmi-reims.fr\/index.php\/wp-json\/wp\/v2\/pages\/3\/revisions\/755"}],"wp:attachment":[{"href":"https:\/\/mastergmi-reims.fr\/index.php\/wp-json\/wp\/v2\/media?parent=3"}],"curies":[{"name":"wp","href":"https:\/\/api.w.org\/{rel}","templated":true}]}}